{"id":1842,"date":"2023-07-30T09:25:08","date_gmt":"2023-07-30T09:25:08","guid":{"rendered":"https:\/\/ceraminpadlo.hu\/?post_type=product&#038;p=1842"},"modified":"2025-01-04T13:59:08","modified_gmt":"2025-01-04T13:59:08","slug":"classen-carona-rocket-grey-vizallo-spc-ceramin-falburkolat","status":"publish","type":"product","link":"https:\/\/ceraminpadlo.hu\/?product=classen-carona-rocket-grey-vizallo-spc-ceramin-falburkolat","title":{"rendered":"Classen Carona rocket grey v\u00edz\u00e1ll\u00f3 SPC Ceramin falburkolat"},"content":{"rendered":"<p>Classen v\u00edz\u00e1ll\u00f3 lamin\u00e1lt padl\u00f3. Lerakhat\u00f3 b\u00e1rmely helyis\u00e9gbe, ak\u00e1r f\u00fcrd\u0151szob\u00e1ba vagy konyh\u00e1ba is.<\/p>\n<ul>\n<li>PVC mentes<\/li>\n<li>\u00fajrahasznos\u00edthat\u00f3<\/li>\n<li>k\u00f6rnyezetbar\u00e1t<\/li>\n<li>Made in Germany<\/li>\n<li>Sealtech fel\u00fclet<\/li>\n<li>CERAMIN anyag<\/li>\n<\/ul>\n<ul>\n<li>v\u00edz\u00e1ll\u00f3<\/li>\n<li>k\u00f6nny\u0171 tiszt\u00edthat\u00f3s\u00e1g<\/li>\n<li>halk l\u00e9p\u00e9shang<\/li>\n<li>meleg \u00e9rzet<\/li>\n<li>UV f\u00e9ny ellen\u00e1ll\u00f3<\/li>\n<li>12 \u00e9v gy\u00e1rt\u00f3i garancia<\/li>\n<li>struktur\u00e1lt fel\u00fclet<\/li>\n<li>4 mm vastags\u00e1g<\/li>\n<li>4 oldalt f\u00f3zolt<\/li>\n<li>fapadl\u00f3 forma<\/li>\n<li>magas terhelhet\u0151s\u00e9g<\/li>\n<\/ul>\n","protected":false},"excerpt":{"rendered":"<p>Classen v\u00edz\u00e1ll\u00f3 Ceramin padl\u00f3 a lehet\u0151 legmagasabb AC6\/34-es kop\u00e1s\u00e1ll\u00f3s\u00e1ggal. Lerakhat\u00f3 b\u00e1rmely helyis\u00e9gbe, ak\u00e1r f\u00fcrd\u0151szob\u00e1ba vagy konyh\u00e1ba is.<\/p>\n<p><b>Tulajdons\u00e1gok<\/b><\/p>\n<ul>\n<li>25 \u00e9v gy\u00e1rt\u00f3i garancia<\/li>\n<li>3mm vastags\u00e1g<\/li>\n<li>4 oldalt f\u00f3zolt<\/li>\n<li>AC6\/34 kop\u00e1s\u00e1ll\u00f3s\u00e1g<\/li>\n<li>selyemf\u00e9ny\u0171, matt fel\u00fclet<\/li>\n<li>v\u00edz\u00e1ll\u00f3<\/li>\n<li>meleg \u00e9rzet<\/li>\n<li>UV f\u00e9ny ellen\u00e1ll\u00f3<\/li>\n<li>k\u00f6nny\u0171 tiszt\u00edthat\u00f3s\u00e1g<\/li>\n<li>halk l\u00e9p\u00e9shang<\/li>\n<li>fapadl\u00f3 forma<\/li>\n<li>t\u0171zoszt\u00e1ly: Bfl-s1<\/li>\n<li>cs\u00fasz\u00e1sg\u00e1tl\u00f3s<\/li>\n<li>forr\u00f3 v\u00edzzel m\u0171k\u00f6d\u0151 padl\u00f3f\u0171t\u00e9sre javasolj\u00e1k csak<\/li>\n<li>Made in Germany<\/li>\n<\/ul>\n<ul>\n<li>K\u00f6rnyezetbar\u00e1t<\/li>\n<li>Sealtec felsz\u00edn<\/li>\n<li>\u00fajrahasznos\u00edthat\u00f3<\/li>\n<li>PVC mentes<\/li>\n<\/ul>\n","protected":false},"featured_media":1843,"template":"","format":"standard","meta":{"_acf_changed":false,"inline_featured_image":false},"product_brand":[],"product_cat":[63],"product_tag":[],"class_list":{"0":"post-1842","1":"product","2":"type-product","3":"status-publish","4":"format-standard","5":"has-post-thumbnail","7":"product_cat-tiles-falburkolat","9":"first","10":"instock","11":"purchasable","12":"product-type-simple"},"acf":[],"_links":{"self":[{"href":"https:\/\/ceraminpadlo.hu\/index.php?rest_route=\/wp\/v2\/product\/1842","targetHints":{"allow":["GET"]}}],"collection":[{"href":"https:\/\/ceraminpadlo.hu\/index.php?rest_route=\/wp\/v2\/product"}],"about":[{"href":"https:\/\/ceraminpadlo.hu\/index.php?rest_route=\/wp\/v2\/types\/product"}],"wp:featuredmedia":[{"embeddable":true,"href":"https:\/\/ceraminpadlo.hu\/index.php?rest_route=\/wp\/v2\/media\/1843"}],"wp:attachment":[{"href":"https:\/\/ceraminpadlo.hu\/index.php?rest_route=%2Fwp%2Fv2%2Fmedia&parent=1842"}],"wp:term":[{"taxonomy":"product_brand","embeddable":true,"href":"https:\/\/ceraminpadlo.hu\/index.php?rest_route=%2Fwp%2Fv2%2Fproduct_brand&post=1842"},{"taxonomy":"product_cat","embeddable":true,"href":"https:\/\/ceraminpadlo.hu\/index.php?rest_route=%2Fwp%2Fv2%2Fproduct_cat&post=1842"},{"taxonomy":"product_tag","embeddable":true,"href":"https:\/\/ceraminpadlo.hu\/index.php?rest_route=%2Fwp%2Fv2%2Fproduct_tag&post=1842"}],"curies":[{"name":"wp","href":"https:\/\/api.w.org\/{rel}","templated":true}]}}